{"id":884,"date":"2024-10-25T05:16:34","date_gmt":"2024-10-25T05:16:34","guid":{"rendered":"https:\/\/axoboatsxm.com\/?page_id=884"},"modified":"2025-04-28T20:22:16","modified_gmt":"2025-04-28T20:22:16","slug":"mentions-legales","status":"publish","type":"page","link":"https:\/\/axoboatsxm.com\/fr\/mentions-legales","title":{"rendered":"Mentions L\u00e9gales"},"content":{"rendered":"\t\t<div data-elementor-type=\"wp-page\" data-elementor-id=\"884\" class=\"elementor elementor-884\" data-elementor-post-type=\"page\">\n\t\t\t\t<div class=\"elementor-element elementor-element-9e28f3e e-flex e-con-boxed e-con e-parent\" data-id=\"9e28f3e\" data-element_type=\"container\" data-e-type=\"container\">\n\t\t\t\t\t<div class=\"e-con-inner\">\n\t\t\t\t<div class=\"elementor-element elementor-element-d0423b2 elementor-widget elementor-widget-text-editor\" data-id=\"d0423b2\" data-element_type=\"widget\" data-e-type=\"widget\" data-widget_type=\"text-editor.default\">\n\t\t\t\t<div class=\"elementor-widget-container\">\n\t\t\t\t\t\t\t\t\t<p><strong>Soci\u00e9t\u00e9 AXO BOAT SXM<\/strong><\/p><p>Si\u00e8ge social : Lotissement Les Terres Basses Lot 659, 97150 Saint-Martin<\/p><p>T\u00e9l\u00e9phone : +590 690 62 64 81<\/p><p>Adresse email : <a href=\"mailto:yvanmarajo@hotmail.com\">yvanmarajo@hotmail.com<\/a><\/p><p>N\u00b0 SIRET : 92789712400016<\/p><p>N\u00b0 TVA intracommunautaire : FR31927897124<\/p><p>Directeur de la publication : Gilles SORRENTINO<\/p><p><strong>H\u00e9bergeur du site<\/strong>\u00a0:<\/p><p>IONOS SARL<\/p><p>Adresse : 7, place de la Gare, BP 70109, 57200 Sarreguemines Cedex<\/p><p>T\u00e9l\u00e9phone : 0970 808 911<\/p><p>Site web : <a href=\"https:\/\/ionos.fr\/\">https:\/\/ionos.fr<\/a><\/p><h3>\u00a0<\/h3><h3><strong>1.\u00a0PR\u00c9SENTATION DU SITE<\/strong><\/h3><p>Le site internet <a href=\"https:\/\/axoboatsxm.com\/\">https:\/\/axoboatsxm.com<\/a> est \u00e9dit\u00e9 par la soci\u00e9t\u00e9\u00a0<strong>AXO BOAT SXM<\/strong>, dont les informations l\u00e9gales sont mentionn\u00e9es ci-dessus. Le site a pour objet la location de bateaux ainsi que la pr\u00e9sentation de nos services et produits.<\/p><p>En acc\u00e9dant et en utilisant le site, vous acceptez les pr\u00e9sentes conditions g\u00e9n\u00e9rales d\u2019utilisation.<\/p><h3><strong>2.\u00a0PROPRI\u00c9T\u00c9 INTELLECTUELLE<\/strong><\/h3><p>Le contenu du site (textes, images, graphismes, logo, vid\u00e9os, etc.) est prot\u00e9g\u00e9 par les lois en vigueur sur la propri\u00e9t\u00e9 intellectuelle. Toute reproduction, distribution, modification, adaptation, retransmission ou publication de tout ou partie de ces \u00e9l\u00e9ments est strictement interdite sans l\u2019accord \u00e9crit pr\u00e9alable de\u00a0<strong>AXO BOAT SXM<\/strong>\u00a0.<\/p><p>Toute utilisation non autoris\u00e9e du site ou de l\u2019un quelconque des \u00e9l\u00e9ments qu\u2019il contient sera consid\u00e9r\u00e9e comme constitutive d\u2019une contrefa\u00e7on et poursuivie conform\u00e9ment aux dispositions des articles L.335-2 et suivants du Code de la propri\u00e9t\u00e9 intellectuelle.<\/p><h3><strong>3.\u00a0RESPONSABILIT\u00c9<\/strong><\/h3><p>La soci\u00e9t\u00e9\u00a0<strong>AXO BOAT SXM<\/strong>\u00a0met tout en \u0153uvre pour assurer l\u2019exactitude des informations diffus\u00e9es sur son site. Toutefois, elle ne saurait \u00eatre tenue responsable des omissions, inexactitudes ou d\u00e9fauts de mise \u00e0 jour, qu\u2019ils soient de son fait ou du fait des tiers partenaires qui fournissent ces informations.<\/p><p><strong>AXO BOAT SXM<\/strong>\u00a0ne pourra \u00eatre tenue responsable de tout dommage direct ou indirect r\u00e9sultant de l\u2019acc\u00e8s ou de l\u2019utilisation du site, ou de l\u2019impossibilit\u00e9 d\u2019y acc\u00e9der.<\/p><h3><strong>4.\u00a0LIENS HYPERTEXTES<\/strong><\/h3><p>Le site peut contenir des liens hypertextes vers d\u2019autres sites internet.\u00a0<strong>AXO BOAT SXM<\/strong>\u00a0ne contr\u00f4le pas ces sites et d\u00e9cline toute responsabilit\u00e9 quant \u00e0 leur contenu ou aux pratiques de confidentialit\u00e9 appliqu\u00e9es.<\/p><p>Les utilisateurs ne peuvent \u00e9tablir un lien hypertexte vers ce site sans l\u2019autorisation expresse et pr\u00e9alable de\u00a0<strong>AXO BOAT SXM<\/strong>.<\/p><h3><strong>5.\u00a0COOKIES<\/strong><\/h3><p>Lors de la consultation de notre site, des cookies peuvent \u00eatre install\u00e9s sur votre terminal afin d\u2019am\u00e9liorer la navigation et d\u2019\u00e9tablir des statistiques d\u2019audience. Vous pouvez configurer votre navigateur pour refuser les cookies, mais cela pourrait alt\u00e9rer certaines fonctionnalit\u00e9s du site.<\/p><p>Pour plus d\u2019informations, consultez notre [Politique de confidentialit\u00e9] (lien vers la politique de confidentialit\u00e9).<\/p><h3><strong>6.\u00a0DROIT APPLICABLE ET JURIDICTION COMP\u00c9TENTE<\/strong><\/h3><p>Les pr\u00e9sentes mentions l\u00e9gales sont r\u00e9gies par le droit fran\u00e7ais. En cas de litige, les tribunaux fran\u00e7ais seront seuls comp\u00e9tents.<\/p><h3><strong>7.\u00a0CONTACT<\/strong><\/h3><p>Pour toute question relative aux pr\u00e9sentes mentions l\u00e9gales ou au contenu du site, vous pouvez nous contacter \u00e0 l\u2019adresse suivante :<\/p><p><strong>AXO BOAT SXM<\/strong><\/p><p>Adresse : Lotissement Les Terres Basses Lot 659, 97150 Saint-Martin<\/p><p>T\u00e9l\u00e9phone : +590 690 62 64 81<\/p><p>Email : <a href=\"mailto:yvanmarajo@hotmail.com\">yvanmarajo@hotmail.com<\/a><\/p>\t\t\t\t\t\t\t\t<\/div>\n\t\t\t\t<\/div>\n\t\t\t\t\t<\/div>\n\t\t\t\t<\/div>\n\t\t\t\t<\/div>\n\t\t","protected":false},"excerpt":{"rendered":"<p>Soci\u00e9t\u00e9 AXO BOAT SXM Si\u00e8ge social : Lotissement Les Terres Basses Lot 659, 97150 Saint-Martin T\u00e9l\u00e9phone : +590 690 62 64 81 Adresse email : yvanmarajo@hotmail.com N\u00b0 SIRET : 92789712400016 N\u00b0 TVA intracommunautaire : FR31927897124 Directeur de la publication : Gilles SORRENTINO H\u00e9bergeur du site\u00a0: IONOS SARL Adresse : 7, place de la Gare, BP [&hellip;]<\/p>\n","protected":false},"author":1,"featured_media":0,"parent":0,"menu_order":0,"comment_status":"closed","ping_status":"closed","template":"","meta":{"footnotes":""},"class_list":["post-884","page","type-page","status-publish","hentry"],"_links":{"self":[{"href":"https:\/\/axoboatsxm.com\/fr\/wp-json\/wp\/v2\/pages\/884","targetHints":{"allow":["GET"]}}],"collection":[{"href":"https:\/\/axoboatsxm.com\/fr\/wp-json\/wp\/v2\/pages"}],"about":[{"href":"https:\/\/axoboatsxm.com\/fr\/wp-json\/wp\/v2\/types\/page"}],"author":[{"embeddable":true,"href":"https:\/\/axoboatsxm.com\/fr\/wp-json\/wp\/v2\/users\/1"}],"replies":[{"embeddable":true,"href":"https:\/\/axoboatsxm.com\/fr\/wp-json\/wp\/v2\/comments?post=884"}],"version-history":[{"count":9,"href":"https:\/\/axoboatsxm.com\/fr\/wp-json\/wp\/v2\/pages\/884\/revisions"}],"predecessor-version":[{"id":1053,"href":"https:\/\/axoboatsxm.com\/fr\/wp-json\/wp\/v2\/pages\/884\/revisions\/1053"}],"wp:attachment":[{"href":"https:\/\/axoboatsxm.com\/fr\/wp-json\/wp\/v2\/media?parent=884"}],"curies":[{"name":"wp","href":"https:\/\/api.w.org\/{rel}","templated":true}]}}